{"id":11365012,"date":"2023-02-24T14:35:11","date_gmt":"2023-02-24T13:35:11","guid":{"rendered":"https:\/\/alertdiver.eu\/faq\/"},"modified":"2023-06-16T14:55:05","modified_gmt":"2023-06-16T12:55:05","slug":"casto-kladene-otazky","status":"publish","type":"page","link":"https:\/\/alertdiver.eu\/cs_CZ\/casto-kladene-otazky\/","title":{"rendered":"\u010casto kladen\u00e9 ot\u00e1zky"},"content":{"rendered":"<h3 class=\"title-faq\">P\u0159\u00edstup<\/h3>\n<h4>Jak z\u00edsk\u00e1m p\u0159\u00edstup k \u010dasopisu Alert Diver?<\/h4>\n<p>V\u0161ichni u\u017eivatel\u00e9 maj\u00ed zdarma p\u0159\u00edstup k obsahu \u010dasopisu on-line. Takto poskytujeme cel\u00e9 pot\u00e1p\u011b\u010dsk\u00e9 ve\u0159ejnosti d\u016fle\u017eit\u00e9 informace o zdrav\u00ed a bezpe\u010dnosti p\u0159i pot\u00e1p\u011bn\u00ed.<\/p>\n<hr class=\"fine-line\" \/>\n<h4>Jak z\u00edsk\u00e1m nejaktu\u00e1ln\u011bj\u0161\u00ed informace z Alert Diver?<\/h4>\n<p>Sta\u010d\u00ed se <a href=\"http:\/\/t\" target=\"_blank\" rel=\"noopener\">zaregistrovat<\/a> na webovou str\u00e1nku DAN a budete dost\u00e1vat n\u00e1\u0161 m\u011bs\u00ed\u010dn\u00ed zpravodaj p\u0159\u00edmo do schr\u00e1nky i s nejnov\u011bj\u0161\u00edmi \u010dl\u00e1nky a informacemi. Jste-li aktivn\u00edm \u010dlenem DAN Europe, budete dost\u00e1vat na\u0161e m\u011bs\u00ed\u010dn\u00ed aktualizace jako sou\u010d\u00e1st va\u0161ich v\u00fdhod plynouc\u00edch z \u010dlenstv\u00ed.<\/p>\n<hr class=\"fine-line\" \/>\n<h4>Jak zjist\u00edm, zdali se AlertDiver.eu zab\u00fdval n\u011bjak\u00fdm specifick\u00fdm t\u00e9matem? Jak se dostanu k minul\u00fdm \u010d\u00edsl\u016fm?<\/h4>\n<p>AlertDiver.eu m\u00e1 obrovsk\u00fd archiv obsah\u016f, kter\u00e9 se zab\u00fdvaj\u00ed pot\u00e1p\u011b\u010dskou medic\u00ednou, v\u00fdzkumem, \u0161kolen\u00edm, poji\u0161t\u011bn\u00edm a pr\u00e1vn\u00edmi ot\u00e1zkami, fotografov\u00e1n\u00edm pod vodou a dal\u0161\u00edmi t\u00e9maty.<\/p>\n<p>Informace snadno vyhled\u00e1te pou\u017eit\u00edm vyhled\u00e1va\u010de naho\u0159e na Domovsk\u00e9 str\u00e1nce; vlo\u017ete do n\u011bj kl\u00ed\u010dov\u00e1 slova a my v\u00e1m \u010dl\u00e1nek najdeme.<\/p>\n<p>&nbsp;<\/p>\n<h3 class=\"title-faq\">Technick\u00e9 z\u00e1le\u017eitosti<\/h3>\n<h4>Jsem registrovan\u00fd u\u017eivatel, ale zapomn\u011bl jsem heslo. Co te\u010f?<\/h4>\n<p>Sv\u00e9 heslo si m\u016f\u017eete vyvolat a obnovit podle postupu uveden\u00e9ho na str\u00e1nce pro <a href=\"https:\/\/daneurope.org\/web\/guest\/home?p_p_id=58&amp;p_p_lifecycle=0&amp;p_p_state=maximized&amp;p_p_mode=view&amp;saveLastPath=0&amp;_58_struts_action=%2Flogin%2Flogin\" target=\"_blank\" rel=\"noopener\">p\u0159ihla\u0161ov\u00e1n\u00ed<\/a>. Budete-li pot\u0159ebovat pomoc, m\u016f\u017eete zaslat e-mail na\u0161emu <a href=\"mailto:techteam@alertdiver.eu\" rel=\"noopener\">technick\u00e9mu t\u00fdmu<\/a>.<\/p>\n<hr class=\"fine-line\" \/>\n<h4>Pro\u010d bych m\u011bl v\u017edy pou\u017e\u00edvat aktualizovanou verzi sv\u00e9ho prohl\u00ed\u017ee\u010de?<\/h4>\n<p>AlertDiver.eu podporuje v\u011bt\u0161ina zn\u00e1m\u00fdch webov\u00fdch prohl\u00ed\u017ee\u010d\u016f. Pro pohodln\u011bj\u0161\u00ed pr\u00e1ci v re\u017eimu on-line v\u0161ak pou\u017e\u00edvejte co nejaktu\u00e1ln\u011bj\u0161\u00ed verze, nebo\u0165 to m\u016f\u017ee ovlivnit dostupnost n\u011bkter\u00fdch mo\u017enost\u00ed, rychlost stahov\u00e1n\u00ed a zabezpe\u010den\u00ed. M\u00e1te-li sv\u016fj prohl\u00ed\u017ee\u010d aktualizovan\u00fd, a p\u0159esto se vyskuj\u00ed n\u011bjak\u00e9 pot\u00ed\u017ee, za\u0161lete e-mail na\u0161emu <a href=\"mailto:techteam@alertdiver.eu\">technick\u00e9mu t\u00fdmu<\/a>.<\/p>\n<hr class=\"fine-line\" \/>\n<h4>Je va\u0161e webov\u00e1 str\u00e1nka bezpe\u010dn\u00e1?<\/h4>\n<p>AlertDiver.eu pou\u017e\u00edv\u00e1 nejnov\u011bj\u0161\u00ed bezpe\u010dnostn\u00ed standardy. Pro aktivaci bezpe\u010dnostn\u00ed p\u0159enosov\u00e9 vrstvy (TLS) postupujte podle na\u0161eho <a href=\"https:\/\/www.daneurope.org\/web\/guest\/tls\" target=\"_blank\" rel=\"noopener\">tutorial<\/a>.<\/p>\n<p>&nbsp;<\/p>\n<h3 class=\"title-faq\">P\u0159\u00edsp\u011bvky<\/h3>\n<h4>Jak mohu p\u0159isp\u00edvat do AlertDiver.eu psan\u00edm?<\/h4>\n<p>Bu\u010f n\u00e1m m\u016f\u017eete zaslat \u010dl\u00e1nek nebo zpr\u00e1vu; jak to m\u016f\u017eete u\u010dinit se dozv\u00edte v \u010d\u00e1sti <a href=\"https:\/\/www.daneurope.org\/web\/adweb\/contact\" target=\"_blank\" rel=\"noopener\">Kontaktujte n\u00e1s<\/a>.<\/p>\n<hr class=\"fine-line\" \/>\n<h4>Kde z\u00edsk\u00e1m povolen\u00ed k pou\u017eit\u00ed nebo reprodukci \u010dl\u00e1nku nebo fotografie?<\/h4>\n<p>Povolen\u00ed si vy\u017e\u00e1dejte prost\u0159ednictv\u00edm <a href=\"https:\/\/www.daneurope.org\/web\/adweb\/contact\" target=\"_blank\" rel=\"noopener\">Kontaktujte n\u00e1s<\/a>.<\/p>\n<p>&nbsp;<\/p>\n<h3 class=\"title-faq\">Inzerce<\/h3>\n<h4>Jak mohu inzerovat v AlertDiver.eu?<\/h4>\n<p>Chcete-li z\u00edskat mo\u017enost inzerovat v Alert Diver, napi\u0161te pros\u00edm na <a href=\"mailto:advertising@alertdiver.eu\">advertising@alertdiver.eu<\/a><\/p>\n","protected":false},"excerpt":{"rendered":"<p>P\u0159\u00edstup Jak z\u00edsk\u00e1m p\u0159\u00edstup k \u010dasopisu Alert Diver? V\u0161ichni u\u017eivatel\u00e9 maj\u00ed zdarma p\u0159\u00edstup k obsahu \u010dasopisu on-line. Takto poskytujeme cel\u00e9 pot\u00e1p\u011b\u010dsk\u00e9 ve\u0159ejnosti d\u016fle\u017eit\u00e9 informace o&#8230;<\/p>\n","protected":false},"author":1,"featured_media":11365016,"parent":0,"menu_order":0,"comment_status":"closed","ping_status":"closed","template":"","meta":{"_acf_changed":false,"footnotes":""},"class_list":["post-11365012","page","type-page","status-publish","has-post-thumbnail","hentry"],"acf":[],"yoast_head":"<!-- This site is optimized with the Yoast SEO plugin v24.2 - https:\/\/yoast.com\/wordpress\/plugins\/seo\/ -->\n<title>\u010casto kladen\u00e9 ot\u00e1zky - Alert Diver<\/title>\n<meta name=\"robots\" content=\"index, follow, max-snippet:-1, max-image-preview:large, max-video-preview:-1\" \/>\n<link rel=\"canonical\" href=\"https:\/\/alertdiver.eu\/cs_CZ\/casto-kladene-otazky\/\" \/>\n<meta property=\"og:locale\" content=\"cs_CZ\" \/>\n<meta property=\"og:type\" content=\"article\" \/>\n<meta property=\"og:title\" content=\"\u010casto kladen\u00e9 ot\u00e1zky - Alert Diver\" \/>\n<meta property=\"og:description\" content=\"P\u0159\u00edstup Jak z\u00edsk\u00e1m p\u0159\u00edstup k \u010dasopisu Alert Diver? V\u0161ichni u\u017eivatel\u00e9 maj\u00ed zdarma p\u0159\u00edstup k obsahu \u010dasopisu on-line. Takto poskytujeme cel\u00e9 pot\u00e1p\u011b\u010dsk\u00e9 ve\u0159ejnosti d\u016fle\u017eit\u00e9 informace o...\" \/>\n<meta property=\"og:url\" content=\"https:\/\/alertdiver.eu\/cs_CZ\/casto-kladene-otazky\/\" \/>\n<meta property=\"og:site_name\" content=\"Alert Diver\" \/>\n<meta property=\"article:modified_time\" content=\"2023-06-16T12:55:05+00:00\" \/>\n<meta property=\"og:image\" content=\"https:\/\/alertdiver.eu\/wp-content\/uploads\/2023\/02\/faq.jpg\" \/>\n\t<meta property=\"og:image:width\" content=\"2560\" \/>\n\t<meta property=\"og:image:height\" content=\"1120\" \/>\n\t<meta property=\"og:image:type\" content=\"image\/jpeg\" \/>\n<meta name=\"twitter:card\" content=\"summary_large_image\" \/>\n<meta name=\"twitter:label1\" content=\"Odhadovan\u00e1 doba \u010dten\u00ed\" \/>\n\t<meta name=\"twitter:data1\" content=\"2 minuty\" \/>\n<script type=\"application\/ld+json\" class=\"yoast-schema-graph\">{\"@context\":\"https:\/\/schema.org\",\"@graph\":[{\"@type\":\"WebPage\",\"@id\":\"https:\/\/alertdiver.eu\/cs_CZ\/casto-kladene-otazky\/\",\"url\":\"https:\/\/alertdiver.eu\/cs_CZ\/casto-kladene-otazky\/\",\"name\":\"\u010casto kladen\u00e9 ot\u00e1zky - Alert Diver\",\"isPartOf\":{\"@id\":\"https:\/\/alertdiver.eu\/cs_CZ\/#website\"},\"primaryImageOfPage\":{\"@id\":\"https:\/\/alertdiver.eu\/cs_CZ\/casto-kladene-otazky\/#primaryimage\"},\"image\":{\"@id\":\"https:\/\/alertdiver.eu\/cs_CZ\/casto-kladene-otazky\/#primaryimage\"},\"thumbnailUrl\":\"https:\/\/alertdiver.eu\/wp-content\/uploads\/2023\/02\/faq.jpg\",\"datePublished\":\"2023-02-24T13:35:11+00:00\",\"dateModified\":\"2023-06-16T12:55:05+00:00\",\"breadcrumb\":{\"@id\":\"https:\/\/alertdiver.eu\/cs_CZ\/casto-kladene-otazky\/#breadcrumb\"},\"inLanguage\":\"cs\",\"potentialAction\":[{\"@type\":\"ReadAction\",\"target\":[\"https:\/\/alertdiver.eu\/cs_CZ\/casto-kladene-otazky\/\"]}]},{\"@type\":\"ImageObject\",\"inLanguage\":\"cs\",\"@id\":\"https:\/\/alertdiver.eu\/cs_CZ\/casto-kladene-otazky\/#primaryimage\",\"url\":\"https:\/\/alertdiver.eu\/wp-content\/uploads\/2023\/02\/faq.jpg\",\"contentUrl\":\"https:\/\/alertdiver.eu\/wp-content\/uploads\/2023\/02\/faq.jpg\",\"width\":2560,\"height\":1120},{\"@type\":\"BreadcrumbList\",\"@id\":\"https:\/\/alertdiver.eu\/cs_CZ\/casto-kladene-otazky\/#breadcrumb\",\"itemListElement\":[{\"@type\":\"ListItem\",\"position\":1,\"name\":\"Home\",\"item\":\"https:\/\/alertdiver.eu\/cs_CZ\/\"},{\"@type\":\"ListItem\",\"position\":2,\"name\":\"\u010casto kladen\u00e9 ot\u00e1zky\"}]},{\"@type\":\"WebSite\",\"@id\":\"https:\/\/alertdiver.eu\/cs_CZ\/#website\",\"url\":\"https:\/\/alertdiver.eu\/cs_CZ\/\",\"name\":\"Alert Diver\",\"description\":\"Access, discover and share the latest diving safety content from DAN Europe.\",\"publisher\":{\"@id\":\"https:\/\/alertdiver.eu\/cs_CZ\/#organization\"},\"potentialAction\":[{\"@type\":\"SearchAction\",\"target\":{\"@type\":\"EntryPoint\",\"urlTemplate\":\"https:\/\/alertdiver.eu\/cs_CZ\/?s={search_term_string}\"},\"query-input\":{\"@type\":\"PropertyValueSpecification\",\"valueRequired\":true,\"valueName\":\"search_term_string\"}}],\"inLanguage\":\"cs\"},{\"@type\":\"Organization\",\"@id\":\"https:\/\/alertdiver.eu\/cs_CZ\/#organization\",\"name\":\"Alert Diver\",\"url\":\"https:\/\/alertdiver.eu\/cs_CZ\/\",\"logo\":{\"@type\":\"ImageObject\",\"inLanguage\":\"cs\",\"@id\":\"https:\/\/alertdiver.eu\/cs_CZ\/#\/schema\/logo\/image\/\",\"url\":\"https:\/\/alertdiver.eu\/wp-content\/uploads\/2023\/02\/alertdiver-logo.png\",\"contentUrl\":\"https:\/\/alertdiver.eu\/wp-content\/uploads\/2023\/02\/alertdiver-logo.png\",\"width\":800,\"height\":135,\"caption\":\"Alert Diver\"},\"image\":{\"@id\":\"https:\/\/alertdiver.eu\/cs_CZ\/#\/schema\/logo\/image\/\"}}]}<\/script>\n<!-- \/ Yoast SEO plugin. -->","yoast_head_json":{"title":"\u010casto kladen\u00e9 ot\u00e1zky - Alert Diver","robots":{"index":"index","follow":"follow","max-snippet":"max-snippet:-1","max-image-preview":"max-image-preview:large","max-video-preview":"max-video-preview:-1"},"canonical":"https:\/\/alertdiver.eu\/cs_CZ\/casto-kladene-otazky\/","og_locale":"cs_CZ","og_type":"article","og_title":"\u010casto kladen\u00e9 ot\u00e1zky - Alert Diver","og_description":"P\u0159\u00edstup Jak z\u00edsk\u00e1m p\u0159\u00edstup k \u010dasopisu Alert Diver? V\u0161ichni u\u017eivatel\u00e9 maj\u00ed zdarma p\u0159\u00edstup k obsahu \u010dasopisu on-line. Takto poskytujeme cel\u00e9 pot\u00e1p\u011b\u010dsk\u00e9 ve\u0159ejnosti d\u016fle\u017eit\u00e9 informace o...","og_url":"https:\/\/alertdiver.eu\/cs_CZ\/casto-kladene-otazky\/","og_site_name":"Alert Diver","article_modified_time":"2023-06-16T12:55:05+00:00","og_image":[{"width":2560,"height":1120,"url":"https:\/\/alertdiver.eu\/wp-content\/uploads\/2023\/02\/faq.jpg","type":"image\/jpeg"}],"twitter_card":"summary_large_image","twitter_misc":{"Odhadovan\u00e1 doba \u010dten\u00ed":"2 minuty"},"schema":{"@context":"https:\/\/schema.org","@graph":[{"@type":"WebPage","@id":"https:\/\/alertdiver.eu\/cs_CZ\/casto-kladene-otazky\/","url":"https:\/\/alertdiver.eu\/cs_CZ\/casto-kladene-otazky\/","name":"\u010casto kladen\u00e9 ot\u00e1zky - Alert Diver","isPartOf":{"@id":"https:\/\/alertdiver.eu\/cs_CZ\/#website"},"primaryImageOfPage":{"@id":"https:\/\/alertdiver.eu\/cs_CZ\/casto-kladene-otazky\/#primaryimage"},"image":{"@id":"https:\/\/alertdiver.eu\/cs_CZ\/casto-kladene-otazky\/#primaryimage"},"thumbnailUrl":"https:\/\/alertdiver.eu\/wp-content\/uploads\/2023\/02\/faq.jpg","datePublished":"2023-02-24T13:35:11+00:00","dateModified":"2023-06-16T12:55:05+00:00","breadcrumb":{"@id":"https:\/\/alertdiver.eu\/cs_CZ\/casto-kladene-otazky\/#breadcrumb"},"inLanguage":"cs","potentialAction":[{"@type":"ReadAction","target":["https:\/\/alertdiver.eu\/cs_CZ\/casto-kladene-otazky\/"]}]},{"@type":"ImageObject","inLanguage":"cs","@id":"https:\/\/alertdiver.eu\/cs_CZ\/casto-kladene-otazky\/#primaryimage","url":"https:\/\/alertdiver.eu\/wp-content\/uploads\/2023\/02\/faq.jpg","contentUrl":"https:\/\/alertdiver.eu\/wp-content\/uploads\/2023\/02\/faq.jpg","width":2560,"height":1120},{"@type":"BreadcrumbList","@id":"https:\/\/alertdiver.eu\/cs_CZ\/casto-kladene-otazky\/#breadcrumb","itemListElement":[{"@type":"ListItem","position":1,"name":"Home","item":"https:\/\/alertdiver.eu\/cs_CZ\/"},{"@type":"ListItem","position":2,"name":"\u010casto kladen\u00e9 ot\u00e1zky"}]},{"@type":"WebSite","@id":"https:\/\/alertdiver.eu\/cs_CZ\/#website","url":"https:\/\/alertdiver.eu\/cs_CZ\/","name":"Alert Diver","description":"Access, discover and share the latest diving safety content from DAN Europe.","publisher":{"@id":"https:\/\/alertdiver.eu\/cs_CZ\/#organization"},"potentialAction":[{"@type":"SearchAction","target":{"@type":"EntryPoint","urlTemplate":"https:\/\/alertdiver.eu\/cs_CZ\/?s={search_term_string}"},"query-input":{"@type":"PropertyValueSpecification","valueRequired":true,"valueName":"search_term_string"}}],"inLanguage":"cs"},{"@type":"Organization","@id":"https:\/\/alertdiver.eu\/cs_CZ\/#organization","name":"Alert Diver","url":"https:\/\/alertdiver.eu\/cs_CZ\/","logo":{"@type":"ImageObject","inLanguage":"cs","@id":"https:\/\/alertdiver.eu\/cs_CZ\/#\/schema\/logo\/image\/","url":"https:\/\/alertdiver.eu\/wp-content\/uploads\/2023\/02\/alertdiver-logo.png","contentUrl":"https:\/\/alertdiver.eu\/wp-content\/uploads\/2023\/02\/alertdiver-logo.png","width":800,"height":135,"caption":"Alert Diver"},"image":{"@id":"https:\/\/alertdiver.eu\/cs_CZ\/#\/schema\/logo\/image\/"}}]}},"_links":{"self":[{"href":"https:\/\/alertdiver.eu\/cs_CZ\/wp-json\/wp\/v2\/pages\/11365012","targetHints":{"allow":["GET"]}}],"collection":[{"href":"https:\/\/alertdiver.eu\/cs_CZ\/wp-json\/wp\/v2\/pages"}],"about":[{"href":"https:\/\/alertdiver.eu\/cs_CZ\/wp-json\/wp\/v2\/types\/page"}],"author":[{"embeddable":true,"href":"https:\/\/alertdiver.eu\/cs_CZ\/wp-json\/wp\/v2\/users\/1"}],"replies":[{"embeddable":true,"href":"https:\/\/alertdiver.eu\/cs_CZ\/wp-json\/wp\/v2\/comments?post=11365012"}],"version-history":[{"count":4,"href":"https:\/\/alertdiver.eu\/cs_CZ\/wp-json\/wp\/v2\/pages\/11365012\/revisions"}],"predecessor-version":[{"id":11367673,"href":"https:\/\/alertdiver.eu\/cs_CZ\/wp-json\/wp\/v2\/pages\/11365012\/revisions\/11367673"}],"wp:featuredmedia":[{"embeddable":true,"href":"https:\/\/alertdiver.eu\/cs_CZ\/wp-json\/wp\/v2\/media\/11365016"}],"wp:attachment":[{"href":"https:\/\/alertdiver.eu\/cs_CZ\/wp-json\/wp\/v2\/media?parent=11365012"}],"curies":[{"name":"wp","href":"https:\/\/api.w.org\/{rel}","templated":true}]}}