{"id":11365053,"date":"2023-02-24T14:35:11","date_gmt":"2023-02-24T13:35:11","guid":{"rendered":"https:\/\/alertdiver.eu\/faq\/"},"modified":"2023-06-16T14:55:18","modified_gmt":"2023-06-16T12:55:18","slug":"faq","status":"publish","type":"page","link":"https:\/\/alertdiver.eu\/es_ES\/faq\/","title":{"rendered":"FAQ"},"content":{"rendered":"<h3 class=\"title-faq\">Acceso<\/h3>\n<h4>\u00bfC\u00f3mo puedo acceder a la revista Alert Diver?<\/h4>\n<p>Todos los Usuarios pueden acceder libremente a los contenidos de la revista online. Esta es nuestra manera de poner la importante informaci\u00f3n m\u00e9dica y de seguridad, a disposici\u00f3n de toda la comunidad de buceo<\/p>\n<hr class=\"fine-line\" \/>\n<h4>\u00bfC\u00f3mo puedo obtener las actualizaciones de Alert Diver?<\/h4>\n<p>S\u00f3lo es necesario <a href=\"http:\/\/daneurope.org\/web\/guest\/registration\" target=\"_blank\" rel=\"noopener\">registrarte<\/a> en el sitio web de DAN y recibir\u00e1s nuestros boletines mensuales, directamente a tu bandeja de entrada, con los \u00faltimos art\u00edculos y novedades. Si eres un miembro en activo de DAN Europe, recibir\u00e1s autom\u00e1ticamente las actualizaciones mensuales, como parte de los beneficios de tu afiliaci\u00f3n.<\/p>\n<hr class=\"fine-line\" \/>\n<h4>\u00bfC\u00f3mo puedo saber si AlertDiver.eu trata un tema espec\u00edfico? \u00bfC\u00f3mo accedo a los art\u00edculos antiguos?<\/h4>\n<p>AlertDiver.eu tiene un enorme archivo de contenidos referentes a medicina del buceo, investigaci\u00f3n, formaci\u00f3n, seguros y cuestiones legales, fotograf\u00eda subacu\u00e1tica y mucho m\u00e1s. Puedes buscar la informaci\u00f3n utilizando un motor de b\u00fasqueda situado en la parte superior de la p\u00e1gina de inicio; s\u00f3lo tienes que escribir las palabras clave, y encontraremos el art\u00edculo adecuado para t\u00ed<\/p>\n<p>&nbsp;<\/p>\n<h3 class=\"title-faq\">Cuestiones T\u00e9cnicas<\/h3>\n<h4>Soy un usuario registrado pero me olvid\u00e9 mi contrase\u00f1a. \u00bfY ahora qu\u00e9?<\/h4>\n<p>Puedes recuperar tu contrase\u00f1a siguiendo el procedimiento en la <a href=\"https:\/\/daneurope.org\/web\/guest\/home?p_p_id=58&amp;p_p_lifecycle=0&amp;p_p_state=maximized&amp;p_p_mode=view&amp;saveLastPath=0&amp;_58_struts_action=%2Flogin%2Flogin\" target=\"_blank\" rel=\"noopener\">p\u00e1gina de conexi\u00f3n<\/a>. Si necesitas ayuda adicional, por favor, env\u00eda un correo electr\u00f3nico a nuestro <a href=\"mailto:techteam@alertdiver.eu\" target=\"_blank\" rel=\"noopener\">equipo t\u00e9cnico<\/a>.<\/p>\n<hr class=\"fine-line\" \/>\n<h4>\u00bfPor qu\u00e9 deber\u00eda siempre usar una versi\u00f3n mejorada de mi navegador?<\/h4>\n<p>AlertDiver.eu es compatible con los navegadores m\u00e1s comunes. Sin embargo, para obtener una mejor experiencia online, aseg\u00farate de estar utilizando las versiones m\u00e1s modernas, ya que esto puede afectar a la disponibilidad de algunas caracter\u00edsticas, a la velocidad de carga de la p\u00e1gina y a la seguridad.<br \/>\nSi has actualizado el navegador, pero sigues teniendo problemas, env\u00eda un correo electr\u00f3nico a nuestro <a href=\"mailto:techteam@alertdiver.eu\" target=\"_blank\" rel=\"noopener\">equipo t\u00e9cnico<\/a>.<\/p>\n<hr class=\"fine-line\" \/>\n<h4>\u00bfEs un sitio seguro?<\/h4>\n<p>AlertDiver.eu es totalmente compatible con los \u00faltimos est\u00e1ndares de seguridad. Para habilitar el TLS, sigue los pasos indicados en el <a href=\"https:\/\/www.daneurope.org\/web\/guest\/tls\" target=\"_blank\" rel=\"noopener\">tutorial<\/a>.<\/p>\n<p>&nbsp;<\/p>\n<h3 class=\"title-faq\">Env\u00edos<\/h3>\n<h4>\u00bfC\u00f3mo puedo escribir a AlertDiver.eu?<\/h4>\n<p>Puedes enviar tus art\u00edculos o enviarnos mensajes; para saber c\u00f3mo, <a href=\"https:\/\/www.daneurope.org\/web\/adweb\/contact\" target=\"_blank\" rel=\"noopener\">cont\u00e1ctanos<\/a>.<\/p>\n<hr class=\"fine-line\" \/>\n<h4>\u00bfD\u00f3nde puedo obtener permiso para usar o reproducir un art\u00edculo o una fotograf\u00eda?<\/h4>\n<p>Para solicitar el permiso, por favor, <a href=\"https:\/\/www.daneurope.org\/web\/adweb\/contact\" target=\"_blank\" rel=\"noopener\">cont\u00e1ctanos<\/a>.<\/p>\n<p>&nbsp;<\/p>\n<h3 class=\"title-faq\">Publicidad<\/h3>\n<h4>\u00bfC\u00f3mo puedo anunciarme en AlertDiver.eu?<\/h4>\n<p>Para aprovechar las oportunidades de publicidad en Alert Diver, puede escribir a <a href=\"mailto:advertising@alertdiver.eu\">advertising@alertdiver.eu<\/a><\/p>\n","protected":false},"excerpt":{"rendered":"<p>Acceso \u00bfC\u00f3mo puedo acceder a la revista Alert Diver? Todos los Usuarios pueden acceder libremente a los contenidos de la revista online. Esta es nuestra&#8230;<\/p>\n","protected":false},"author":1,"featured_media":11365057,"parent":0,"menu_order":0,"comment_status":"closed","ping_status":"closed","template":"","meta":{"_acf_changed":false,"footnotes":""},"class_list":["post-11365053","page","type-page","status-publish","has-post-thumbnail","hentry"],"acf":[],"yoast_head":"<!-- This site is optimized with the Yoast SEO plugin v24.2 - https:\/\/yoast.com\/wordpress\/plugins\/seo\/ -->\n<title>FAQ - Alert Diver<\/title>\n<meta name=\"robots\" content=\"index, follow, max-snippet:-1, max-image-preview:large, max-video-preview:-1\" \/>\n<link rel=\"canonical\" href=\"https:\/\/alertdiver.eu\/es_ES\/faq\/\" \/>\n<meta property=\"og:locale\" content=\"es_ES\" \/>\n<meta property=\"og:type\" content=\"article\" \/>\n<meta property=\"og:title\" content=\"FAQ - Alert Diver\" \/>\n<meta property=\"og:description\" content=\"Acceso \u00bfC\u00f3mo puedo acceder a la revista Alert Diver? Todos los Usuarios pueden acceder libremente a los contenidos de la revista online. Esta es nuestra...\" \/>\n<meta property=\"og:url\" content=\"https:\/\/alertdiver.eu\/es_ES\/faq\/\" \/>\n<meta property=\"og:site_name\" content=\"Alert Diver\" \/>\n<meta property=\"article:modified_time\" content=\"2023-06-16T12:55:18+00:00\" \/>\n<meta property=\"og:image\" content=\"https:\/\/alertdiver.eu\/wp-content\/uploads\/2023\/02\/faq.jpg\" \/>\n\t<meta property=\"og:image:width\" content=\"2560\" \/>\n\t<meta property=\"og:image:height\" content=\"1120\" \/>\n\t<meta property=\"og:image:type\" content=\"image\/jpeg\" \/>\n<meta name=\"twitter:card\" content=\"summary_large_image\" \/>\n<meta name=\"twitter:label1\" content=\"Tiempo de lectura\" \/>\n\t<meta name=\"twitter:data1\" content=\"2 minutos\" \/>\n<script type=\"application\/ld+json\" class=\"yoast-schema-graph\">{\"@context\":\"https:\/\/schema.org\",\"@graph\":[{\"@type\":\"WebPage\",\"@id\":\"https:\/\/alertdiver.eu\/es_ES\/faq\/\",\"url\":\"https:\/\/alertdiver.eu\/es_ES\/faq\/\",\"name\":\"FAQ - Alert Diver\",\"isPartOf\":{\"@id\":\"https:\/\/alertdiver.eu\/es_ES\/#website\"},\"primaryImageOfPage\":{\"@id\":\"https:\/\/alertdiver.eu\/es_ES\/faq\/#primaryimage\"},\"image\":{\"@id\":\"https:\/\/alertdiver.eu\/es_ES\/faq\/#primaryimage\"},\"thumbnailUrl\":\"https:\/\/alertdiver.eu\/wp-content\/uploads\/2023\/02\/faq.jpg\",\"datePublished\":\"2023-02-24T13:35:11+00:00\",\"dateModified\":\"2023-06-16T12:55:18+00:00\",\"breadcrumb\":{\"@id\":\"https:\/\/alertdiver.eu\/es_ES\/faq\/#breadcrumb\"},\"inLanguage\":\"es\",\"potentialAction\":[{\"@type\":\"ReadAction\",\"target\":[\"https:\/\/alertdiver.eu\/es_ES\/faq\/\"]}]},{\"@type\":\"ImageObject\",\"inLanguage\":\"es\",\"@id\":\"https:\/\/alertdiver.eu\/es_ES\/faq\/#primaryimage\",\"url\":\"https:\/\/alertdiver.eu\/wp-content\/uploads\/2023\/02\/faq.jpg\",\"contentUrl\":\"https:\/\/alertdiver.eu\/wp-content\/uploads\/2023\/02\/faq.jpg\",\"width\":2560,\"height\":1120},{\"@type\":\"BreadcrumbList\",\"@id\":\"https:\/\/alertdiver.eu\/es_ES\/faq\/#breadcrumb\",\"itemListElement\":[{\"@type\":\"ListItem\",\"position\":1,\"name\":\"Home\",\"item\":\"https:\/\/alertdiver.eu\/es_ES\/\"},{\"@type\":\"ListItem\",\"position\":2,\"name\":\"FAQ\"}]},{\"@type\":\"WebSite\",\"@id\":\"https:\/\/alertdiver.eu\/es_ES\/#website\",\"url\":\"https:\/\/alertdiver.eu\/es_ES\/\",\"name\":\"Alert Diver\",\"description\":\"Access, discover and share the latest diving safety content from DAN Europe.\",\"publisher\":{\"@id\":\"https:\/\/alertdiver.eu\/es_ES\/#organization\"},\"potentialAction\":[{\"@type\":\"SearchAction\",\"target\":{\"@type\":\"EntryPoint\",\"urlTemplate\":\"https:\/\/alertdiver.eu\/es_ES\/?s={search_term_string}\"},\"query-input\":{\"@type\":\"PropertyValueSpecification\",\"valueRequired\":true,\"valueName\":\"search_term_string\"}}],\"inLanguage\":\"es\"},{\"@type\":\"Organization\",\"@id\":\"https:\/\/alertdiver.eu\/es_ES\/#organization\",\"name\":\"Alert Diver\",\"url\":\"https:\/\/alertdiver.eu\/es_ES\/\",\"logo\":{\"@type\":\"ImageObject\",\"inLanguage\":\"es\",\"@id\":\"https:\/\/alertdiver.eu\/es_ES\/#\/schema\/logo\/image\/\",\"url\":\"https:\/\/alertdiver.eu\/wp-content\/uploads\/2023\/02\/alertdiver-logo.png\",\"contentUrl\":\"https:\/\/alertdiver.eu\/wp-content\/uploads\/2023\/02\/alertdiver-logo.png\",\"width\":800,\"height\":135,\"caption\":\"Alert Diver\"},\"image\":{\"@id\":\"https:\/\/alertdiver.eu\/es_ES\/#\/schema\/logo\/image\/\"}}]}<\/script>\n<!-- \/ Yoast SEO plugin. -->","yoast_head_json":{"title":"FAQ - Alert Diver","robots":{"index":"index","follow":"follow","max-snippet":"max-snippet:-1","max-image-preview":"max-image-preview:large","max-video-preview":"max-video-preview:-1"},"canonical":"https:\/\/alertdiver.eu\/es_ES\/faq\/","og_locale":"es_ES","og_type":"article","og_title":"FAQ - Alert Diver","og_description":"Acceso \u00bfC\u00f3mo puedo acceder a la revista Alert Diver? Todos los Usuarios pueden acceder libremente a los contenidos de la revista online. Esta es nuestra...","og_url":"https:\/\/alertdiver.eu\/es_ES\/faq\/","og_site_name":"Alert Diver","article_modified_time":"2023-06-16T12:55:18+00:00","og_image":[{"width":2560,"height":1120,"url":"https:\/\/alertdiver.eu\/wp-content\/uploads\/2023\/02\/faq.jpg","type":"image\/jpeg"}],"twitter_card":"summary_large_image","twitter_misc":{"Tiempo de lectura":"2 minutos"},"schema":{"@context":"https:\/\/schema.org","@graph":[{"@type":"WebPage","@id":"https:\/\/alertdiver.eu\/es_ES\/faq\/","url":"https:\/\/alertdiver.eu\/es_ES\/faq\/","name":"FAQ - Alert Diver","isPartOf":{"@id":"https:\/\/alertdiver.eu\/es_ES\/#website"},"primaryImageOfPage":{"@id":"https:\/\/alertdiver.eu\/es_ES\/faq\/#primaryimage"},"image":{"@id":"https:\/\/alertdiver.eu\/es_ES\/faq\/#primaryimage"},"thumbnailUrl":"https:\/\/alertdiver.eu\/wp-content\/uploads\/2023\/02\/faq.jpg","datePublished":"2023-02-24T13:35:11+00:00","dateModified":"2023-06-16T12:55:18+00:00","breadcrumb":{"@id":"https:\/\/alertdiver.eu\/es_ES\/faq\/#breadcrumb"},"inLanguage":"es","potentialAction":[{"@type":"ReadAction","target":["https:\/\/alertdiver.eu\/es_ES\/faq\/"]}]},{"@type":"ImageObject","inLanguage":"es","@id":"https:\/\/alertdiver.eu\/es_ES\/faq\/#primaryimage","url":"https:\/\/alertdiver.eu\/wp-content\/uploads\/2023\/02\/faq.jpg","contentUrl":"https:\/\/alertdiver.eu\/wp-content\/uploads\/2023\/02\/faq.jpg","width":2560,"height":1120},{"@type":"BreadcrumbList","@id":"https:\/\/alertdiver.eu\/es_ES\/faq\/#breadcrumb","itemListElement":[{"@type":"ListItem","position":1,"name":"Home","item":"https:\/\/alertdiver.eu\/es_ES\/"},{"@type":"ListItem","position":2,"name":"FAQ"}]},{"@type":"WebSite","@id":"https:\/\/alertdiver.eu\/es_ES\/#website","url":"https:\/\/alertdiver.eu\/es_ES\/","name":"Alert Diver","description":"Access, discover and share the latest diving safety content from DAN Europe.","publisher":{"@id":"https:\/\/alertdiver.eu\/es_ES\/#organization"},"potentialAction":[{"@type":"SearchAction","target":{"@type":"EntryPoint","urlTemplate":"https:\/\/alertdiver.eu\/es_ES\/?s={search_term_string}"},"query-input":{"@type":"PropertyValueSpecification","valueRequired":true,"valueName":"search_term_string"}}],"inLanguage":"es"},{"@type":"Organization","@id":"https:\/\/alertdiver.eu\/es_ES\/#organization","name":"Alert Diver","url":"https:\/\/alertdiver.eu\/es_ES\/","logo":{"@type":"ImageObject","inLanguage":"es","@id":"https:\/\/alertdiver.eu\/es_ES\/#\/schema\/logo\/image\/","url":"https:\/\/alertdiver.eu\/wp-content\/uploads\/2023\/02\/alertdiver-logo.png","contentUrl":"https:\/\/alertdiver.eu\/wp-content\/uploads\/2023\/02\/alertdiver-logo.png","width":800,"height":135,"caption":"Alert Diver"},"image":{"@id":"https:\/\/alertdiver.eu\/es_ES\/#\/schema\/logo\/image\/"}}]}},"_links":{"self":[{"href":"https:\/\/alertdiver.eu\/es_ES\/wp-json\/wp\/v2\/pages\/11365053","targetHints":{"allow":["GET"]}}],"collection":[{"href":"https:\/\/alertdiver.eu\/es_ES\/wp-json\/wp\/v2\/pages"}],"about":[{"href":"https:\/\/alertdiver.eu\/es_ES\/wp-json\/wp\/v2\/types\/page"}],"author":[{"embeddable":true,"href":"https:\/\/alertdiver.eu\/es_ES\/wp-json\/wp\/v2\/users\/1"}],"replies":[{"embeddable":true,"href":"https:\/\/alertdiver.eu\/es_ES\/wp-json\/wp\/v2\/comments?post=11365053"}],"version-history":[{"count":4,"href":"https:\/\/alertdiver.eu\/es_ES\/wp-json\/wp\/v2\/pages\/11365053\/revisions"}],"predecessor-version":[{"id":11367677,"href":"https:\/\/alertdiver.eu\/es_ES\/wp-json\/wp\/v2\/pages\/11365053\/revisions\/11367677"}],"wp:featuredmedia":[{"embeddable":true,"href":"https:\/\/alertdiver.eu\/es_ES\/wp-json\/wp\/v2\/media\/11365057"}],"wp:attachment":[{"href":"https:\/\/alertdiver.eu\/es_ES\/wp-json\/wp\/v2\/media?parent=11365053"}],"curies":[{"name":"wp","href":"https:\/\/api.w.org\/{rel}","templated":true}]}}