{"id":11365022,"date":"2023-02-24T14:35:11","date_gmt":"2023-02-24T13:35:11","guid":{"rendered":"https:\/\/alertdiver.eu\/faq\/"},"modified":"2023-06-16T14:55:11","modified_gmt":"2023-06-16T12:55:11","slug":"usein-kysytyt-kysymykset","status":"publish","type":"page","link":"https:\/\/alertdiver.eu\/fi_FI\/usein-kysytyt-kysymykset\/","title":{"rendered":"Usein kysytyt kysymykset"},"content":{"rendered":"<h3 class=\"title-faq\">Access<\/h3>\n<h4>Kuinka p\u00e4\u00e4sen lukemaan Alert Diver -lehte\u00e4?<\/h4>\n<p>aikilla k\u00e4ytt\u00e4jill\u00e4 on vapaa p\u00e4\u00e4sy verkkolehden N\u00e4in varmistamme sen, ett\u00e4 kaikilla niill\u00e4 henkil\u00f6ill\u00e4, jotka ovat jollain tavoin tekemisiss\u00e4 sukelluksen kanssa, on mahdollisuus saada t\u00e4rke\u00e4\u00e4 sukellusl\u00e4\u00e4ketieteeseen ja sukellusturvallisuuteen liittyv\u00e4\u00e4 tietoa.<\/p>\n<hr class=\"fine-line\" \/>\n<h4>Kuinka saan Alert Diver -lehden p\u00e4ivitykset?<\/h4>\n<p><a href=\"http:\/\/daneurope.org\/web\/guest\/registration\" target=\"_blank\" rel=\"noopener\">Rekister\u00f6idy<\/a> DANin verkkosivuille, jolloin saat uutiskirjeemme kuukausittain suoraan s\u00e4hk\u00f6postiisi. Mukana tulevat viimeisimm\u00e4t artikkelit ja erikoisartikkelit. Jos olet DANin aktiivij\u00e4sen, saat p\u00e4ivitykset automaattisesti joka kuukausi j\u00e4senetuna.<\/p>\n<hr class=\"fine-line\" \/>\n<h4>Kuinka on mahdollista saada selville, l\u00f6ytyyk\u00f6 AlertDiver.eu-sivuilta artikkelia jostain erityisest\u00e4 aiheesta? Kuinka p\u00e4\u00e4sen tutkimaan aikaisempia artikeleita?<\/h4>\n<p>AlertDiver.eu-sivuilla on arkisto, jonka sis\u00e4lt\u00f6 on eritt\u00e4in kattava. Aiheet liittyv\u00e4t sukellusl\u00e4\u00e4ketieteeseen, tutkimukseen, koulutukseen, vakuutuksiin ja oikeustieteellisiin kysymyksiin sek\u00e4 vedenalaiseen valokuvaukseen ja paljon muuhun. Tietoa voi etsi\u00e4 helposti k\u00e4ytt\u00e4m\u00e4ll\u00e4 <strong>hakukonetta<\/strong>, joka on kotisivun yl\u00e4osassa. Kirjoitat vain avainsanat, ja me etsimme sinulle oikean artikkelin.<\/p>\n<p>&nbsp;<\/p>\n<h3 class=\"title-faq\">Technical Issues<\/h3>\n<h4>Olen rekister\u00f6itynyt k\u00e4ytt\u00e4j\u00e4, mutta unohdin salasanani. Mit\u00e4 teen?<\/h4>\n<p>Voit saada salasanasi takaisin seuraamalla <a href=\"https:\/\/daneurope.org\/web\/guest\/home?p_p_id=58&amp;p_p_lifecycle=0&amp;p_p_state=maximized&amp;p_p_mode=view&amp;saveLastPath=0&amp;_58_struts_action=%2Flogin%2Flogin\" target=\"_blank\" rel=\"noopener\">sis\u00e4\u00e4nkirjautumissivun<\/a> toimintaohjeita. Jos tarvitset lis\u00e4apua, l\u00e4het\u00e4 s\u00e4hk\u00f6postia <a href=\"mailto:techteam@alertdiver.eu\" target=\"_blank\" rel=\"noopener\">tekniselle tuellemme<\/a>.<\/p>\n<hr class=\"fine-line\" \/>\n<h4>Miksi minun tulee aina k\u00e4ytt\u00e4\u00e4 p\u00e4ivitetty\u00e4 versiota selaimestani?<\/h4>\n<p>AlertDiver.eu tukee internetin yleisimpi\u00e4 selaimia, mukaan luettuna puhelimen selaimet. Varmista kuitenkin, ett\u00e4 k\u00e4yt\u00e4t viimeisimpi\u00e4 p\u00e4ivityksi\u00e4, jotta toimintosi internetiss\u00e4 olisivat mahdollisimmat sujuvia. Aiemmilla p\u00e4ivityksill\u00e4 et v\u00e4ltt\u00e4m\u00e4tt\u00e4 voi suorittaa kaikkia toimintoja, ja ne saattavat hidastaa sivujen latausnopeutta sek\u00e4 vaikuttaa tietoturvaan. Jos olet p\u00e4ivitt\u00e4nyt selaimesi, mutta ongelmia ilmenee siit\u00e4 huolimatta, l\u00e4het\u00e4 s\u00e4hk\u00f6postia <a href=\"mailto:techteam@alertdiver.eu\" target=\"_blank\" rel=\"noopener\">tekniselle tuellemme<\/a>.<\/p>\n<hr class=\"fine-line\" \/>\n<h4>Onko verkkosivustosi turvallinen?<\/h4>\n<p>AlertDiver.eu sopii t\u00e4ysin yhteen viimeisimpien turvallisuusstandardien kanssa. Seuraa toimenpiteit\u00e4, joihin on ohjeet t\u00e4\u00e4ll\u00e4, jotta mahdollistat TLS: n k\u00e4yt\u00f6n.<\/p>\n<p>&nbsp;<\/p>\n<h3 class=\"title-faq\">Submissions<\/h3>\n<h4>Kuinka voin kirjoittaa AlertDiver.eu-sivustolle?<\/h4>\n<p>Voit l\u00e4hett\u00e4\u00e4 meille joko artikkeleita tai viestej\u00e4. Lis\u00e4tietoa t\u00e4st\u00e4 saat ottamalla <a href=\"https:\/\/www.daneurope.org\/web\/adweb\/contact\" target=\"_blank\" rel=\"noopener\">yhteytt\u00e4 meihin<\/a>.<\/p>\n<hr class=\"fine-line\" \/>\n<h4>Mist\u00e4 on mahdollista saada lupa artikkelin tai valokuvan k\u00e4ytt\u00f6\u00f6n tai kopiointiin?<\/h4>\n<p><a href=\"https:\/\/www.daneurope.org\/web\/adweb\/contact\" target=\"_blank\" rel=\"noopener\">Ota meihin yhteytt\u00e4<\/a> pyyt\u00e4\u00e4ksesi lupaa.<\/p>\n<p>&nbsp;<\/p>\n<h3 class=\"title-faq\">Advertising<\/h3>\n<h4>Miten voin mainostaa AlertDiver.eu-sivustolla?<\/h4>\n<p>Kun haluat tietoa mainostamismahdollisuuksista, kirjoita osoitteeseen <a href=\"mailto:advertising@alertdiver.eu\" target=\"_blank\" rel=\"noopener\">advertising@alertdiver.eu<\/a>.<\/p>\n","protected":false},"excerpt":{"rendered":"<p>Access Kuinka p\u00e4\u00e4sen lukemaan Alert Diver -lehte\u00e4? aikilla k\u00e4ytt\u00e4jill\u00e4 on vapaa p\u00e4\u00e4sy verkkolehden N\u00e4in varmistamme sen, ett\u00e4 kaikilla niill\u00e4 henkil\u00f6ill\u00e4, jotka ovat jollain tavoin tekemisiss\u00e4&#8230;<\/p>\n","protected":false},"author":1,"featured_media":11365028,"parent":0,"menu_order":0,"comment_status":"closed","ping_status":"closed","template":"","meta":{"_acf_changed":false,"footnotes":""},"class_list":["post-11365022","page","type-page","status-publish","has-post-thumbnail","hentry"],"acf":[],"yoast_head":"<!-- This site is optimized with the Yoast SEO plugin v24.2 - https:\/\/yoast.com\/wordpress\/plugins\/seo\/ -->\n<title>Usein kysytyt kysymykset - Alert Diver<\/title>\n<meta name=\"robots\" content=\"index, follow, max-snippet:-1, max-image-preview:large, max-video-preview:-1\" \/>\n<link rel=\"canonical\" href=\"https:\/\/alertdiver.eu\/fi_FI\/usein-kysytyt-kysymykset\/\" \/>\n<meta property=\"og:locale\" content=\"fi_FI\" \/>\n<meta property=\"og:type\" content=\"article\" \/>\n<meta property=\"og:title\" content=\"Usein kysytyt kysymykset - Alert Diver\" \/>\n<meta property=\"og:description\" content=\"Access Kuinka p\u00e4\u00e4sen lukemaan Alert Diver -lehte\u00e4? aikilla k\u00e4ytt\u00e4jill\u00e4 on vapaa p\u00e4\u00e4sy verkkolehden N\u00e4in varmistamme sen, ett\u00e4 kaikilla niill\u00e4 henkil\u00f6ill\u00e4, jotka ovat jollain tavoin tekemisiss\u00e4...\" \/>\n<meta property=\"og:url\" content=\"https:\/\/alertdiver.eu\/fi_FI\/usein-kysytyt-kysymykset\/\" \/>\n<meta property=\"og:site_name\" content=\"Alert Diver\" \/>\n<meta property=\"article:modified_time\" content=\"2023-06-16T12:55:11+00:00\" \/>\n<meta property=\"og:image\" content=\"https:\/\/alertdiver.eu\/wp-content\/uploads\/2023\/02\/faq.jpg\" \/>\n\t<meta property=\"og:image:width\" content=\"2560\" \/>\n\t<meta property=\"og:image:height\" content=\"1120\" \/>\n\t<meta property=\"og:image:type\" content=\"image\/jpeg\" \/>\n<meta name=\"twitter:card\" content=\"summary_large_image\" \/>\n<meta name=\"twitter:label1\" content=\"Arvioitu lukuaika\" \/>\n\t<meta name=\"twitter:data1\" content=\"2 minuuttia\" \/>\n<script type=\"application\/ld+json\" class=\"yoast-schema-graph\">{\"@context\":\"https:\/\/schema.org\",\"@graph\":[{\"@type\":\"WebPage\",\"@id\":\"https:\/\/alertdiver.eu\/fi_FI\/usein-kysytyt-kysymykset\/\",\"url\":\"https:\/\/alertdiver.eu\/fi_FI\/usein-kysytyt-kysymykset\/\",\"name\":\"Usein kysytyt kysymykset - Alert Diver\",\"isPartOf\":{\"@id\":\"https:\/\/alertdiver.eu\/fi_FI\/#website\"},\"primaryImageOfPage\":{\"@id\":\"https:\/\/alertdiver.eu\/fi_FI\/usein-kysytyt-kysymykset\/#primaryimage\"},\"image\":{\"@id\":\"https:\/\/alertdiver.eu\/fi_FI\/usein-kysytyt-kysymykset\/#primaryimage\"},\"thumbnailUrl\":\"https:\/\/alertdiver.eu\/wp-content\/uploads\/2023\/02\/faq.jpg\",\"datePublished\":\"2023-02-24T13:35:11+00:00\",\"dateModified\":\"2023-06-16T12:55:11+00:00\",\"breadcrumb\":{\"@id\":\"https:\/\/alertdiver.eu\/fi_FI\/usein-kysytyt-kysymykset\/#breadcrumb\"},\"inLanguage\":\"fi\",\"potentialAction\":[{\"@type\":\"ReadAction\",\"target\":[\"https:\/\/alertdiver.eu\/fi_FI\/usein-kysytyt-kysymykset\/\"]}]},{\"@type\":\"ImageObject\",\"inLanguage\":\"fi\",\"@id\":\"https:\/\/alertdiver.eu\/fi_FI\/usein-kysytyt-kysymykset\/#primaryimage\",\"url\":\"https:\/\/alertdiver.eu\/wp-content\/uploads\/2023\/02\/faq.jpg\",\"contentUrl\":\"https:\/\/alertdiver.eu\/wp-content\/uploads\/2023\/02\/faq.jpg\",\"width\":2560,\"height\":1120},{\"@type\":\"BreadcrumbList\",\"@id\":\"https:\/\/alertdiver.eu\/fi_FI\/usein-kysytyt-kysymykset\/#breadcrumb\",\"itemListElement\":[{\"@type\":\"ListItem\",\"position\":1,\"name\":\"Home\",\"item\":\"https:\/\/alertdiver.eu\/fi_FI\/\"},{\"@type\":\"ListItem\",\"position\":2,\"name\":\"Usein kysytyt kysymykset\"}]},{\"@type\":\"WebSite\",\"@id\":\"https:\/\/alertdiver.eu\/fi_FI\/#website\",\"url\":\"https:\/\/alertdiver.eu\/fi_FI\/\",\"name\":\"Alert Diver Europe\",\"description\":\"Access, discover and share the latest diving safety content from DAN Europe.\",\"publisher\":{\"@id\":\"https:\/\/alertdiver.eu\/fi_FI\/#organization\"},\"potentialAction\":[{\"@type\":\"SearchAction\",\"target\":{\"@type\":\"EntryPoint\",\"urlTemplate\":\"https:\/\/alertdiver.eu\/fi_FI\/?s={search_term_string}\"},\"query-input\":{\"@type\":\"PropertyValueSpecification\",\"valueRequired\":true,\"valueName\":\"search_term_string\"}}],\"inLanguage\":\"fi\"},{\"@type\":\"Organization\",\"@id\":\"https:\/\/alertdiver.eu\/fi_FI\/#organization\",\"name\":\"Alert Diver Europe\",\"url\":\"https:\/\/alertdiver.eu\/fi_FI\/\",\"logo\":{\"@type\":\"ImageObject\",\"inLanguage\":\"fi\",\"@id\":\"https:\/\/alertdiver.eu\/fi_FI\/#\/schema\/logo\/image\/\",\"url\":\"https:\/\/alertdiver.eu\/wp-content\/uploads\/2023\/02\/cropped-favicon.png\",\"contentUrl\":\"https:\/\/alertdiver.eu\/wp-content\/uploads\/2023\/02\/cropped-favicon.png\",\"width\":512,\"height\":512,\"caption\":\"Alert Diver Europe\"},\"image\":{\"@id\":\"https:\/\/alertdiver.eu\/fi_FI\/#\/schema\/logo\/image\/\"}}]}<\/script>\n<!-- \/ Yoast SEO plugin. -->","yoast_head_json":{"title":"Usein kysytyt kysymykset - Alert Diver","robots":{"index":"index","follow":"follow","max-snippet":"max-snippet:-1","max-image-preview":"max-image-preview:large","max-video-preview":"max-video-preview:-1"},"canonical":"https:\/\/alertdiver.eu\/fi_FI\/usein-kysytyt-kysymykset\/","og_locale":"fi_FI","og_type":"article","og_title":"Usein kysytyt kysymykset - Alert Diver","og_description":"Access Kuinka p\u00e4\u00e4sen lukemaan Alert Diver -lehte\u00e4? aikilla k\u00e4ytt\u00e4jill\u00e4 on vapaa p\u00e4\u00e4sy verkkolehden N\u00e4in varmistamme sen, ett\u00e4 kaikilla niill\u00e4 henkil\u00f6ill\u00e4, jotka ovat jollain tavoin tekemisiss\u00e4...","og_url":"https:\/\/alertdiver.eu\/fi_FI\/usein-kysytyt-kysymykset\/","og_site_name":"Alert Diver","article_modified_time":"2023-06-16T12:55:11+00:00","og_image":[{"width":2560,"height":1120,"url":"https:\/\/alertdiver.eu\/wp-content\/uploads\/2023\/02\/faq.jpg","type":"image\/jpeg"}],"twitter_card":"summary_large_image","twitter_misc":{"Arvioitu lukuaika":"2 minuuttia"},"schema":{"@context":"https:\/\/schema.org","@graph":[{"@type":"WebPage","@id":"https:\/\/alertdiver.eu\/fi_FI\/usein-kysytyt-kysymykset\/","url":"https:\/\/alertdiver.eu\/fi_FI\/usein-kysytyt-kysymykset\/","name":"Usein kysytyt kysymykset - Alert Diver","isPartOf":{"@id":"https:\/\/alertdiver.eu\/fi_FI\/#website"},"primaryImageOfPage":{"@id":"https:\/\/alertdiver.eu\/fi_FI\/usein-kysytyt-kysymykset\/#primaryimage"},"image":{"@id":"https:\/\/alertdiver.eu\/fi_FI\/usein-kysytyt-kysymykset\/#primaryimage"},"thumbnailUrl":"https:\/\/alertdiver.eu\/wp-content\/uploads\/2023\/02\/faq.jpg","datePublished":"2023-02-24T13:35:11+00:00","dateModified":"2023-06-16T12:55:11+00:00","breadcrumb":{"@id":"https:\/\/alertdiver.eu\/fi_FI\/usein-kysytyt-kysymykset\/#breadcrumb"},"inLanguage":"fi","potentialAction":[{"@type":"ReadAction","target":["https:\/\/alertdiver.eu\/fi_FI\/usein-kysytyt-kysymykset\/"]}]},{"@type":"ImageObject","inLanguage":"fi","@id":"https:\/\/alertdiver.eu\/fi_FI\/usein-kysytyt-kysymykset\/#primaryimage","url":"https:\/\/alertdiver.eu\/wp-content\/uploads\/2023\/02\/faq.jpg","contentUrl":"https:\/\/alertdiver.eu\/wp-content\/uploads\/2023\/02\/faq.jpg","width":2560,"height":1120},{"@type":"BreadcrumbList","@id":"https:\/\/alertdiver.eu\/fi_FI\/usein-kysytyt-kysymykset\/#breadcrumb","itemListElement":[{"@type":"ListItem","position":1,"name":"Home","item":"https:\/\/alertdiver.eu\/fi_FI\/"},{"@type":"ListItem","position":2,"name":"Usein kysytyt kysymykset"}]},{"@type":"WebSite","@id":"https:\/\/alertdiver.eu\/fi_FI\/#website","url":"https:\/\/alertdiver.eu\/fi_FI\/","name":"Alert Diver Europe","description":"Access, discover and share the latest diving safety content from DAN Europe.","publisher":{"@id":"https:\/\/alertdiver.eu\/fi_FI\/#organization"},"potentialAction":[{"@type":"SearchAction","target":{"@type":"EntryPoint","urlTemplate":"https:\/\/alertdiver.eu\/fi_FI\/?s={search_term_string}"},"query-input":{"@type":"PropertyValueSpecification","valueRequired":true,"valueName":"search_term_string"}}],"inLanguage":"fi"},{"@type":"Organization","@id":"https:\/\/alertdiver.eu\/fi_FI\/#organization","name":"Alert Diver Europe","url":"https:\/\/alertdiver.eu\/fi_FI\/","logo":{"@type":"ImageObject","inLanguage":"fi","@id":"https:\/\/alertdiver.eu\/fi_FI\/#\/schema\/logo\/image\/","url":"https:\/\/alertdiver.eu\/wp-content\/uploads\/2023\/02\/cropped-favicon.png","contentUrl":"https:\/\/alertdiver.eu\/wp-content\/uploads\/2023\/02\/cropped-favicon.png","width":512,"height":512,"caption":"Alert Diver Europe"},"image":{"@id":"https:\/\/alertdiver.eu\/fi_FI\/#\/schema\/logo\/image\/"}}]}},"_links":{"self":[{"href":"https:\/\/alertdiver.eu\/fi_FI\/wp-json\/wp\/v2\/pages\/11365022","targetHints":{"allow":["GET"]}}],"collection":[{"href":"https:\/\/alertdiver.eu\/fi_FI\/wp-json\/wp\/v2\/pages"}],"about":[{"href":"https:\/\/alertdiver.eu\/fi_FI\/wp-json\/wp\/v2\/types\/page"}],"author":[{"embeddable":true,"href":"https:\/\/alertdiver.eu\/fi_FI\/wp-json\/wp\/v2\/users\/1"}],"replies":[{"embeddable":true,"href":"https:\/\/alertdiver.eu\/fi_FI\/wp-json\/wp\/v2\/comments?post=11365022"}],"version-history":[{"count":4,"href":"https:\/\/alertdiver.eu\/fi_FI\/wp-json\/wp\/v2\/pages\/11365022\/revisions"}],"predecessor-version":[{"id":11367674,"href":"https:\/\/alertdiver.eu\/fi_FI\/wp-json\/wp\/v2\/pages\/11365022\/revisions\/11367674"}],"wp:featuredmedia":[{"embeddable":true,"href":"https:\/\/alertdiver.eu\/fi_FI\/wp-json\/wp\/v2\/media\/11365028"}],"wp:attachment":[{"href":"https:\/\/alertdiver.eu\/fi_FI\/wp-json\/wp\/v2\/media?parent=11365022"}],"curies":[{"name":"wp","href":"https:\/\/api.w.org\/{rel}","templated":true}]}}