{"id":8592189,"date":"2023-02-22T09:13:35","date_gmt":"2023-02-22T08:13:35","guid":{"rendered":"https:\/\/alertdiver.eu\/about\/"},"modified":"2023-06-16T14:52:12","modified_gmt":"2023-06-16T12:52:12","slug":"a-propos-de-nous","status":"publish","type":"page","link":"https:\/\/alertdiver.eu\/fr_FR\/a-propos-de-nous\/","title":{"rendered":"\u00c0 propos de nous"},"content":{"rendered":"<div class=\"embed-responsive\">\n<div class=\"fr-video\"><iframe class=\"embed-responsive-item\" title=\"YouTube video player\" src=\"https:\/\/www.youtube.com\/embed\/y8e3-sCKsSM\" frameborder=\"0\" allowfullscreen=\"allowfullscreen\"><\/iframe><\/div>\n<\/div>\n<h3 style=\"text-align: center;\">La s\u00e9curit\u00e9 par l\u2019information<\/h3>\n<p><strong>Alert Diver \/ \u00c9dition europ\u00e9enne<\/strong> est un magazine en ligne publi\u00e9 dans 9 langues par la fondation DAN Europe et s\u2019adressant \u00e0 tous les plongeurs, avec l\u2019objectif de promouvoir la s\u00e9curit\u00e9 de la plong\u00e9e.<\/p>\n<p>R\u00e9dig\u00e9 par d\u2019\u00e9minents experts dans les domaines de la m\u00e9decine de la plong\u00e9e et de la formation aux soins d\u2019urgence, Alert Diver vise \u00e0 informer les plongeurs sur des sujets d\u2019int\u00e9r\u00eat r\u00e9partis dans diff\u00e9rentes cat\u00e9gories, notamment : questions m\u00e9dicales, \u00e9tudes scientifiques, pr\u00e9vention des accidents et analyses de cas.<\/p>\n","protected":false},"excerpt":{"rendered":"<p>La s\u00e9curit\u00e9 par l\u2019information Alert Diver \/ \u00c9dition europ\u00e9enne est un magazine en ligne publi\u00e9 dans 9 langues par la fondation DAN Europe et s\u2019adressant&#8230;<\/p>\n","protected":false},"author":1,"featured_media":1279,"parent":0,"menu_order":0,"comment_status":"closed","ping_status":"closed","template":"","meta":{"_acf_changed":false,"footnotes":""},"class_list":["post-8592189","page","type-page","status-publish","has-post-thumbnail","hentry"],"acf":[],"yoast_head":"<!-- This site is optimized with the Yoast SEO plugin v24.2 - https:\/\/yoast.com\/wordpress\/plugins\/seo\/ -->\n<title>\u00c0 propos de nous - Alert Diver<\/title>\n<meta name=\"description\" content=\"false\" \/>\n<meta name=\"robots\" content=\"index, follow, max-snippet:-1, max-image-preview:large, max-video-preview:-1\" \/>\n<link rel=\"canonical\" href=\"https:\/\/alertdiver.eu\/fr_FR\/a-propos-de-nous\/\" \/>\n<meta property=\"og:locale\" content=\"fr_FR\" \/>\n<meta property=\"og:type\" content=\"article\" \/>\n<meta property=\"og:title\" content=\"\u00c0 propos de nous - Alert Diver\" \/>\n<meta property=\"og:description\" content=\"false\" \/>\n<meta property=\"og:url\" content=\"https:\/\/alertdiver.eu\/fr_FR\/a-propos-de-nous\/\" \/>\n<meta property=\"og:site_name\" content=\"Alert Diver\" \/>\n<meta property=\"article:modified_time\" content=\"2023-06-16T12:52:12+00:00\" \/>\n<meta property=\"og:image\" content=\"https:\/\/alertdiver.eu\/wp-content\/uploads\/2023\/02\/about.jpg\" \/>\n\t<meta property=\"og:image:width\" content=\"2560\" \/>\n\t<meta property=\"og:image:height\" content=\"1120\" \/>\n\t<meta property=\"og:image:type\" content=\"image\/jpeg\" \/>\n<meta name=\"twitter:card\" content=\"summary_large_image\" \/>\n<meta name=\"twitter:label1\" content=\"Dur\u00e9e de lecture estim\u00e9e\" \/>\n\t<meta name=\"twitter:data1\" content=\"1 minute\" \/>\n<script type=\"application\/ld+json\" class=\"yoast-schema-graph\">{\"@context\":\"https:\/\/schema.org\",\"@graph\":[{\"@type\":\"WebPage\",\"@id\":\"https:\/\/alertdiver.eu\/fr_FR\/a-propos-de-nous\/\",\"url\":\"https:\/\/alertdiver.eu\/fr_FR\/a-propos-de-nous\/\",\"name\":\"\u00c0 propos de nous - Alert Diver\",\"isPartOf\":{\"@id\":\"https:\/\/alertdiver.eu\/fr_FR\/#website\"},\"primaryImageOfPage\":{\"@id\":\"https:\/\/alertdiver.eu\/fr_FR\/a-propos-de-nous\/#primaryimage\"},\"image\":{\"@id\":\"https:\/\/alertdiver.eu\/fr_FR\/a-propos-de-nous\/#primaryimage\"},\"thumbnailUrl\":\"https:\/\/alertdiver.eu\/wp-content\/uploads\/2023\/02\/about.jpg\",\"datePublished\":\"2023-02-22T08:13:35+00:00\",\"dateModified\":\"2023-06-16T12:52:12+00:00\",\"description\":\"false\",\"breadcrumb\":{\"@id\":\"https:\/\/alertdiver.eu\/fr_FR\/a-propos-de-nous\/#breadcrumb\"},\"inLanguage\":\"fr-FR\",\"potentialAction\":[{\"@type\":\"ReadAction\",\"target\":[\"https:\/\/alertdiver.eu\/fr_FR\/a-propos-de-nous\/\"]}]},{\"@type\":\"ImageObject\",\"inLanguage\":\"fr-FR\",\"@id\":\"https:\/\/alertdiver.eu\/fr_FR\/a-propos-de-nous\/#primaryimage\",\"url\":\"https:\/\/alertdiver.eu\/wp-content\/uploads\/2023\/02\/about.jpg\",\"contentUrl\":\"https:\/\/alertdiver.eu\/wp-content\/uploads\/2023\/02\/about.jpg\",\"width\":2560,\"height\":1120},{\"@type\":\"BreadcrumbList\",\"@id\":\"https:\/\/alertdiver.eu\/fr_FR\/a-propos-de-nous\/#breadcrumb\",\"itemListElement\":[{\"@type\":\"ListItem\",\"position\":1,\"name\":\"Home\",\"item\":\"https:\/\/alertdiver.eu\/fr_FR\/\"},{\"@type\":\"ListItem\",\"position\":2,\"name\":\"\u00c0 propos de nous\"}]},{\"@type\":\"WebSite\",\"@id\":\"https:\/\/alertdiver.eu\/fr_FR\/#website\",\"url\":\"https:\/\/alertdiver.eu\/fr_FR\/\",\"name\":\"Alert Diver Europe\",\"description\":\"Access, discover and share the latest diving safety content from DAN Europe.\",\"publisher\":{\"@id\":\"https:\/\/alertdiver.eu\/fr_FR\/#organization\"},\"potentialAction\":[{\"@type\":\"SearchAction\",\"target\":{\"@type\":\"EntryPoint\",\"urlTemplate\":\"https:\/\/alertdiver.eu\/fr_FR\/?s={search_term_string}\"},\"query-input\":{\"@type\":\"PropertyValueSpecification\",\"valueRequired\":true,\"valueName\":\"search_term_string\"}}],\"inLanguage\":\"fr-FR\"},{\"@type\":\"Organization\",\"@id\":\"https:\/\/alertdiver.eu\/fr_FR\/#organization\",\"name\":\"Alert Diver Europe\",\"url\":\"https:\/\/alertdiver.eu\/fr_FR\/\",\"logo\":{\"@type\":\"ImageObject\",\"inLanguage\":\"fr-FR\",\"@id\":\"https:\/\/alertdiver.eu\/fr_FR\/#\/schema\/logo\/image\/\",\"url\":\"https:\/\/alertdiver.eu\/wp-content\/uploads\/2023\/02\/cropped-favicon.png\",\"contentUrl\":\"https:\/\/alertdiver.eu\/wp-content\/uploads\/2023\/02\/cropped-favicon.png\",\"width\":512,\"height\":512,\"caption\":\"Alert Diver Europe\"},\"image\":{\"@id\":\"https:\/\/alertdiver.eu\/fr_FR\/#\/schema\/logo\/image\/\"}}]}<\/script>\n<!-- \/ Yoast SEO plugin. -->","yoast_head_json":{"title":"\u00c0 propos de nous - Alert Diver","description":"false","robots":{"index":"index","follow":"follow","max-snippet":"max-snippet:-1","max-image-preview":"max-image-preview:large","max-video-preview":"max-video-preview:-1"},"canonical":"https:\/\/alertdiver.eu\/fr_FR\/a-propos-de-nous\/","og_locale":"fr_FR","og_type":"article","og_title":"\u00c0 propos de nous - Alert Diver","og_description":"false","og_url":"https:\/\/alertdiver.eu\/fr_FR\/a-propos-de-nous\/","og_site_name":"Alert Diver","article_modified_time":"2023-06-16T12:52:12+00:00","og_image":[{"width":2560,"height":1120,"url":"https:\/\/alertdiver.eu\/wp-content\/uploads\/2023\/02\/about.jpg","type":"image\/jpeg"}],"twitter_card":"summary_large_image","twitter_misc":{"Dur\u00e9e de lecture estim\u00e9e":"1 minute"},"schema":{"@context":"https:\/\/schema.org","@graph":[{"@type":"WebPage","@id":"https:\/\/alertdiver.eu\/fr_FR\/a-propos-de-nous\/","url":"https:\/\/alertdiver.eu\/fr_FR\/a-propos-de-nous\/","name":"\u00c0 propos de nous - Alert Diver","isPartOf":{"@id":"https:\/\/alertdiver.eu\/fr_FR\/#website"},"primaryImageOfPage":{"@id":"https:\/\/alertdiver.eu\/fr_FR\/a-propos-de-nous\/#primaryimage"},"image":{"@id":"https:\/\/alertdiver.eu\/fr_FR\/a-propos-de-nous\/#primaryimage"},"thumbnailUrl":"https:\/\/alertdiver.eu\/wp-content\/uploads\/2023\/02\/about.jpg","datePublished":"2023-02-22T08:13:35+00:00","dateModified":"2023-06-16T12:52:12+00:00","description":"false","breadcrumb":{"@id":"https:\/\/alertdiver.eu\/fr_FR\/a-propos-de-nous\/#breadcrumb"},"inLanguage":"fr-FR","potentialAction":[{"@type":"ReadAction","target":["https:\/\/alertdiver.eu\/fr_FR\/a-propos-de-nous\/"]}]},{"@type":"ImageObject","inLanguage":"fr-FR","@id":"https:\/\/alertdiver.eu\/fr_FR\/a-propos-de-nous\/#primaryimage","url":"https:\/\/alertdiver.eu\/wp-content\/uploads\/2023\/02\/about.jpg","contentUrl":"https:\/\/alertdiver.eu\/wp-content\/uploads\/2023\/02\/about.jpg","width":2560,"height":1120},{"@type":"BreadcrumbList","@id":"https:\/\/alertdiver.eu\/fr_FR\/a-propos-de-nous\/#breadcrumb","itemListElement":[{"@type":"ListItem","position":1,"name":"Home","item":"https:\/\/alertdiver.eu\/fr_FR\/"},{"@type":"ListItem","position":2,"name":"\u00c0 propos de nous"}]},{"@type":"WebSite","@id":"https:\/\/alertdiver.eu\/fr_FR\/#website","url":"https:\/\/alertdiver.eu\/fr_FR\/","name":"Alert Diver Europe","description":"Access, discover and share the latest diving safety content from DAN Europe.","publisher":{"@id":"https:\/\/alertdiver.eu\/fr_FR\/#organization"},"potentialAction":[{"@type":"SearchAction","target":{"@type":"EntryPoint","urlTemplate":"https:\/\/alertdiver.eu\/fr_FR\/?s={search_term_string}"},"query-input":{"@type":"PropertyValueSpecification","valueRequired":true,"valueName":"search_term_string"}}],"inLanguage":"fr-FR"},{"@type":"Organization","@id":"https:\/\/alertdiver.eu\/fr_FR\/#organization","name":"Alert Diver Europe","url":"https:\/\/alertdiver.eu\/fr_FR\/","logo":{"@type":"ImageObject","inLanguage":"fr-FR","@id":"https:\/\/alertdiver.eu\/fr_FR\/#\/schema\/logo\/image\/","url":"https:\/\/alertdiver.eu\/wp-content\/uploads\/2023\/02\/cropped-favicon.png","contentUrl":"https:\/\/alertdiver.eu\/wp-content\/uploads\/2023\/02\/cropped-favicon.png","width":512,"height":512,"caption":"Alert Diver Europe"},"image":{"@id":"https:\/\/alertdiver.eu\/fr_FR\/#\/schema\/logo\/image\/"}}]}},"_links":{"self":[{"href":"https:\/\/alertdiver.eu\/fr_FR\/wp-json\/wp\/v2\/pages\/8592189","targetHints":{"allow":["GET"]}}],"collection":[{"href":"https:\/\/alertdiver.eu\/fr_FR\/wp-json\/wp\/v2\/pages"}],"about":[{"href":"https:\/\/alertdiver.eu\/fr_FR\/wp-json\/wp\/v2\/types\/page"}],"author":[{"embeddable":true,"href":"https:\/\/alertdiver.eu\/fr_FR\/wp-json\/wp\/v2\/users\/1"}],"replies":[{"embeddable":true,"href":"https:\/\/alertdiver.eu\/fr_FR\/wp-json\/wp\/v2\/comments?post=8592189"}],"version-history":[{"count":2,"href":"https:\/\/alertdiver.eu\/fr_FR\/wp-json\/wp\/v2\/pages\/8592189\/revisions"}],"predecessor-version":[{"id":11367665,"href":"https:\/\/alertdiver.eu\/fr_FR\/wp-json\/wp\/v2\/pages\/8592189\/revisions\/11367665"}],"wp:featuredmedia":[{"embeddable":true,"href":"https:\/\/alertdiver.eu\/fr_FR\/wp-json\/wp\/v2\/media\/1279"}],"wp:attachment":[{"href":"https:\/\/alertdiver.eu\/fr_FR\/wp-json\/wp\/v2\/media?parent=8592189"}],"curies":[{"name":"wp","href":"https:\/\/api.w.org\/{rel}","templated":true}]}}