{"id":11365035,"date":"2023-02-24T14:35:11","date_gmt":"2023-02-24T13:35:11","guid":{"rendered":"https:\/\/alertdiver.eu\/faq\/"},"modified":"2023-06-16T14:55:21","modified_gmt":"2023-06-16T12:55:21","slug":"faq","status":"publish","type":"page","link":"https:\/\/alertdiver.eu\/it_IT\/faq\/","title":{"rendered":"FAQ"},"content":{"rendered":"<h3 class=\"title-faq\">Accesso<\/h3>\n<h4>Come faccio ad accedere alla rivista Alert Diver?<\/h4>\n<p>Tutti gli utenti hanno accesso gratuito ai contenuti della rivista. Questo \u00e8 il nostro modo per rendere disponibili, all&#8217;intera comunit\u00e0 subacquea, importanti informazioni sulla medicina e la sicurezza subacquea.<\/p>\n<hr class=\"fine-line\" \/>\n<h4>Come ottengo gli ultimi aggiornamenti di Alert Diver?<\/h4>\n<p><a href=\"http:\/\/daneurope.org\/web\/guest\/registration\" target=\"_blank\" rel=\"noopener\">Registrati<\/a> sul sito DAN e riceveri la nostra newsletter mensile, direttamente nella tua casella di posta, con tutte le novit\u00e0 e gli articoli pi\u00f9 recenti. Se sei un membro DAN Europe in stato attivo, riceverai in automatico gli aggiornamenti mensili come parte dei vantaggi della tua iscrizione.<\/p>\n<hr class=\"fine-line\" \/>\n<h4>Come posso sapere se AlertDiver.eu tratta un argomento specifico? Come accedo ai vecchi articoli?<\/h4>\n<p>AlertDiver.eu ha un grandissimo archivio di contenuti, relativi alla medicina subacquea, alla ricerca, alla formazione, all&#8217;assicurazione, a questioni legali e molto altro ancora.<\/p>\n<p>Puoi ricercare facilmente informazioni usando il <strong>motore di ricerca<\/strong> nella parte alta della homepage; scrivi le parole chiave e noi troveremo l&#8217;articolo che fa per te.<\/p>\n<p>&nbsp;<\/p>\n<h3 class=\"title-faq\">Questioni tecniche<\/h3>\n<h4>Sono un utente registrato ma ho dimenticato la mia password. Cosa devo fare?<\/h4>\n<p>Puoi recuperare la tua password seguendo la procedura riportata nella pagina di <a href=\"https:\/\/daneurope.org\/web\/guest\/home?p_p_id=58&amp;p_p_lifecycle=0&amp;p_p_state=maximized&amp;p_p_mode=view&amp;saveLastPath=0&amp;_58_struts_action=%2Flogin%2Flogin\" target=\"_blank\" rel=\"noopener\">log-in<\/a>. Se hai bisogno di ulteriore assistenza, manda una mail al nostro <a href=\"mailto:techteam@alertdiver.eu\" rel=\"noopener\">team tecnico<\/a>.<\/p>\n<hr class=\"fine-line\" \/>\n<h4>Perch\u00e9 dovrei sempre utilizzare una versione aggiornata del mio Browser?<\/h4>\n<p>AlertDiver.eu supporta i browser pi\u00f9 comuni in circolazione, inclusi gli smartphone. Tuttavia, per vivere al meglio la tua esperienza online, assicurati di usare le versioni pi\u00f9 aggiornate, poich\u00e9 ci\u00f2 pu\u00f2 influenzare la disponibilit\u00e0 di alcune funzioni, la velocit\u00e0 di caricamento della pagina e la sicurezza.<br \/>\nSe hai aggiornato il tuo browser ma riscontri ancora problemi, manda una mail al nostro <a href=\"mailto:techteam@alertdiver.eu\" rel=\"noopener\">team tecnico<\/a>.<\/p>\n<hr class=\"fine-line\" \/>\n<h4>Il vostro sito \u00e8 sicuro?<\/h4>\n<p>AlertDiver.eu \u00e8 perfettamente allineato ai pi\u00f9 recenti standard di sicurezza. Al fine di abilitare il TLS, segui i passi indicati nel nostro <a href=\"https:\/\/www.daneurope.org\/web\/guest\/tls\" target=\"_blank\" rel=\"noopener\">tutorial<\/a>.<\/p>\n<p>&nbsp;<\/p>\n<h3 class=\"title-faq\">Invio di materiale<\/h3>\n<h4>Cosa posso scrivere per AlertDiver.eu?<\/h4>\n<p>Puoi inviarci degli articoli o dei messaggi: scopri come su <a href=\"https:\/\/www.daneurope.org\/web\/adweb\/contact\" target=\"_blank\" rel=\"noopener\">contattaci<\/a>.<\/p>\n<hr class=\"fine-line\" \/>\n<h4>Come posso ottenere il permesso di usare o riprodurre un articolo o una fotografia?<\/h4>\n<p>Per richiedere il permesso, <a href=\"https:\/\/www.daneurope.org\/web\/adweb\/contact\" target=\"_blank\" rel=\"noopener\">contattaci<\/a>.<\/p>\n<p>&nbsp;<\/p>\n<h3 class=\"title-faq\">Pubblicit\u00e0<\/h3>\n<h4>Come posso fare pubblicit\u00e0 su AlertDiver.eu?<\/h4>\n<p>Per avere informazioni sulle opportunit\u00e0 di pubblicit\u00e0 su Alert Diver, contattaci su <a href=\"mailto:advertising@alertdiver.eu\">advertising@alertdiver.eu<\/a><\/p>\n","protected":false},"excerpt":{"rendered":"<p>Accesso Come faccio ad accedere alla rivista Alert Diver? Tutti gli utenti hanno accesso gratuito ai contenuti della rivista. Questo \u00e8 il nostro modo per&#8230;<\/p>\n","protected":false},"author":1,"featured_media":1541,"parent":0,"menu_order":0,"comment_status":"closed","ping_status":"closed","template":"","meta":{"_acf_changed":false,"footnotes":""},"class_list":["post-11365035","page","type-page","status-publish","has-post-thumbnail","hentry"],"acf":[],"yoast_head":"<!-- This site is optimized with the Yoast SEO plugin v24.2 - https:\/\/yoast.com\/wordpress\/plugins\/seo\/ -->\n<title>FAQ - Alert Diver<\/title>\n<meta name=\"robots\" content=\"index, follow, max-snippet:-1, max-image-preview:large, max-video-preview:-1\" \/>\n<link rel=\"canonical\" href=\"https:\/\/alertdiver.eu\/it_IT\/faq\/\" \/>\n<meta property=\"og:locale\" content=\"it_IT\" \/>\n<meta property=\"og:type\" content=\"article\" \/>\n<meta property=\"og:title\" content=\"FAQ - Alert Diver\" \/>\n<meta property=\"og:description\" content=\"Accesso Come faccio ad accedere alla rivista Alert Diver? Tutti gli utenti hanno accesso gratuito ai contenuti della rivista. Questo \u00e8 il nostro modo per...\" \/>\n<meta property=\"og:url\" content=\"https:\/\/alertdiver.eu\/it_IT\/faq\/\" \/>\n<meta property=\"og:site_name\" content=\"Alert Diver\" \/>\n<meta property=\"article:modified_time\" content=\"2023-06-16T12:55:21+00:00\" \/>\n<meta property=\"og:image\" content=\"https:\/\/alertdiver.eu\/wp-content\/uploads\/2023\/02\/faq.jpg\" \/>\n\t<meta property=\"og:image:width\" content=\"2560\" \/>\n\t<meta property=\"og:image:height\" content=\"1120\" \/>\n\t<meta property=\"og:image:type\" content=\"image\/jpeg\" \/>\n<meta name=\"twitter:card\" content=\"summary_large_image\" \/>\n<meta name=\"twitter:label1\" content=\"Tempo di lettura stimato\" \/>\n\t<meta name=\"twitter:data1\" content=\"2 minuti\" \/>\n<script type=\"application\/ld+json\" class=\"yoast-schema-graph\">{\"@context\":\"https:\/\/schema.org\",\"@graph\":[{\"@type\":\"WebPage\",\"@id\":\"https:\/\/alertdiver.eu\/it_IT\/faq\/\",\"url\":\"https:\/\/alertdiver.eu\/it_IT\/faq\/\",\"name\":\"FAQ - Alert Diver\",\"isPartOf\":{\"@id\":\"https:\/\/alertdiver.eu\/it_IT\/#website\"},\"primaryImageOfPage\":{\"@id\":\"https:\/\/alertdiver.eu\/it_IT\/faq\/#primaryimage\"},\"image\":{\"@id\":\"https:\/\/alertdiver.eu\/it_IT\/faq\/#primaryimage\"},\"thumbnailUrl\":\"https:\/\/alertdiver.eu\/wp-content\/uploads\/2023\/02\/faq.jpg\",\"datePublished\":\"2023-02-24T13:35:11+00:00\",\"dateModified\":\"2023-06-16T12:55:21+00:00\",\"breadcrumb\":{\"@id\":\"https:\/\/alertdiver.eu\/it_IT\/faq\/#breadcrumb\"},\"inLanguage\":\"it-IT\",\"potentialAction\":[{\"@type\":\"ReadAction\",\"target\":[\"https:\/\/alertdiver.eu\/it_IT\/faq\/\"]}]},{\"@type\":\"ImageObject\",\"inLanguage\":\"it-IT\",\"@id\":\"https:\/\/alertdiver.eu\/it_IT\/faq\/#primaryimage\",\"url\":\"https:\/\/alertdiver.eu\/wp-content\/uploads\/2023\/02\/faq.jpg\",\"contentUrl\":\"https:\/\/alertdiver.eu\/wp-content\/uploads\/2023\/02\/faq.jpg\",\"width\":2560,\"height\":1120},{\"@type\":\"BreadcrumbList\",\"@id\":\"https:\/\/alertdiver.eu\/it_IT\/faq\/#breadcrumb\",\"itemListElement\":[{\"@type\":\"ListItem\",\"position\":1,\"name\":\"Home\",\"item\":\"https:\/\/alertdiver.eu\/it_IT\/\"},{\"@type\":\"ListItem\",\"position\":2,\"name\":\"FAQ\"}]},{\"@type\":\"WebSite\",\"@id\":\"https:\/\/alertdiver.eu\/it_IT\/#website\",\"url\":\"https:\/\/alertdiver.eu\/it_IT\/\",\"name\":\"Alert Diver\",\"description\":\"Access, discover and share the latest diving safety content from DAN Europe.\",\"publisher\":{\"@id\":\"https:\/\/alertdiver.eu\/it_IT\/#organization\"},\"potentialAction\":[{\"@type\":\"SearchAction\",\"target\":{\"@type\":\"EntryPoint\",\"urlTemplate\":\"https:\/\/alertdiver.eu\/it_IT\/?s={search_term_string}\"},\"query-input\":{\"@type\":\"PropertyValueSpecification\",\"valueRequired\":true,\"valueName\":\"search_term_string\"}}],\"inLanguage\":\"it-IT\"},{\"@type\":\"Organization\",\"@id\":\"https:\/\/alertdiver.eu\/it_IT\/#organization\",\"name\":\"Alert Diver\",\"url\":\"https:\/\/alertdiver.eu\/it_IT\/\",\"logo\":{\"@type\":\"ImageObject\",\"inLanguage\":\"it-IT\",\"@id\":\"https:\/\/alertdiver.eu\/it_IT\/#\/schema\/logo\/image\/\",\"url\":\"https:\/\/alertdiver.eu\/wp-content\/uploads\/2023\/02\/alertdiver-logo.png\",\"contentUrl\":\"https:\/\/alertdiver.eu\/wp-content\/uploads\/2023\/02\/alertdiver-logo.png\",\"width\":800,\"height\":135,\"caption\":\"Alert Diver\"},\"image\":{\"@id\":\"https:\/\/alertdiver.eu\/it_IT\/#\/schema\/logo\/image\/\"}}]}<\/script>\n<!-- \/ Yoast SEO plugin. -->","yoast_head_json":{"title":"FAQ - Alert Diver","robots":{"index":"index","follow":"follow","max-snippet":"max-snippet:-1","max-image-preview":"max-image-preview:large","max-video-preview":"max-video-preview:-1"},"canonical":"https:\/\/alertdiver.eu\/it_IT\/faq\/","og_locale":"it_IT","og_type":"article","og_title":"FAQ - Alert Diver","og_description":"Accesso Come faccio ad accedere alla rivista Alert Diver? Tutti gli utenti hanno accesso gratuito ai contenuti della rivista. Questo \u00e8 il nostro modo per...","og_url":"https:\/\/alertdiver.eu\/it_IT\/faq\/","og_site_name":"Alert Diver","article_modified_time":"2023-06-16T12:55:21+00:00","og_image":[{"width":2560,"height":1120,"url":"https:\/\/alertdiver.eu\/wp-content\/uploads\/2023\/02\/faq.jpg","type":"image\/jpeg"}],"twitter_card":"summary_large_image","twitter_misc":{"Tempo di lettura stimato":"2 minuti"},"schema":{"@context":"https:\/\/schema.org","@graph":[{"@type":"WebPage","@id":"https:\/\/alertdiver.eu\/it_IT\/faq\/","url":"https:\/\/alertdiver.eu\/it_IT\/faq\/","name":"FAQ - Alert Diver","isPartOf":{"@id":"https:\/\/alertdiver.eu\/it_IT\/#website"},"primaryImageOfPage":{"@id":"https:\/\/alertdiver.eu\/it_IT\/faq\/#primaryimage"},"image":{"@id":"https:\/\/alertdiver.eu\/it_IT\/faq\/#primaryimage"},"thumbnailUrl":"https:\/\/alertdiver.eu\/wp-content\/uploads\/2023\/02\/faq.jpg","datePublished":"2023-02-24T13:35:11+00:00","dateModified":"2023-06-16T12:55:21+00:00","breadcrumb":{"@id":"https:\/\/alertdiver.eu\/it_IT\/faq\/#breadcrumb"},"inLanguage":"it-IT","potentialAction":[{"@type":"ReadAction","target":["https:\/\/alertdiver.eu\/it_IT\/faq\/"]}]},{"@type":"ImageObject","inLanguage":"it-IT","@id":"https:\/\/alertdiver.eu\/it_IT\/faq\/#primaryimage","url":"https:\/\/alertdiver.eu\/wp-content\/uploads\/2023\/02\/faq.jpg","contentUrl":"https:\/\/alertdiver.eu\/wp-content\/uploads\/2023\/02\/faq.jpg","width":2560,"height":1120},{"@type":"BreadcrumbList","@id":"https:\/\/alertdiver.eu\/it_IT\/faq\/#breadcrumb","itemListElement":[{"@type":"ListItem","position":1,"name":"Home","item":"https:\/\/alertdiver.eu\/it_IT\/"},{"@type":"ListItem","position":2,"name":"FAQ"}]},{"@type":"WebSite","@id":"https:\/\/alertdiver.eu\/it_IT\/#website","url":"https:\/\/alertdiver.eu\/it_IT\/","name":"Alert Diver","description":"Access, discover and share the latest diving safety content from DAN Europe.","publisher":{"@id":"https:\/\/alertdiver.eu\/it_IT\/#organization"},"potentialAction":[{"@type":"SearchAction","target":{"@type":"EntryPoint","urlTemplate":"https:\/\/alertdiver.eu\/it_IT\/?s={search_term_string}"},"query-input":{"@type":"PropertyValueSpecification","valueRequired":true,"valueName":"search_term_string"}}],"inLanguage":"it-IT"},{"@type":"Organization","@id":"https:\/\/alertdiver.eu\/it_IT\/#organization","name":"Alert Diver","url":"https:\/\/alertdiver.eu\/it_IT\/","logo":{"@type":"ImageObject","inLanguage":"it-IT","@id":"https:\/\/alertdiver.eu\/it_IT\/#\/schema\/logo\/image\/","url":"https:\/\/alertdiver.eu\/wp-content\/uploads\/2023\/02\/alertdiver-logo.png","contentUrl":"https:\/\/alertdiver.eu\/wp-content\/uploads\/2023\/02\/alertdiver-logo.png","width":800,"height":135,"caption":"Alert Diver"},"image":{"@id":"https:\/\/alertdiver.eu\/it_IT\/#\/schema\/logo\/image\/"}}]}},"_links":{"self":[{"href":"https:\/\/alertdiver.eu\/it_IT\/wp-json\/wp\/v2\/pages\/11365035","targetHints":{"allow":["GET"]}}],"collection":[{"href":"https:\/\/alertdiver.eu\/it_IT\/wp-json\/wp\/v2\/pages"}],"about":[{"href":"https:\/\/alertdiver.eu\/it_IT\/wp-json\/wp\/v2\/types\/page"}],"author":[{"embeddable":true,"href":"https:\/\/alertdiver.eu\/it_IT\/wp-json\/wp\/v2\/users\/1"}],"replies":[{"embeddable":true,"href":"https:\/\/alertdiver.eu\/it_IT\/wp-json\/wp\/v2\/comments?post=11365035"}],"version-history":[{"count":4,"href":"https:\/\/alertdiver.eu\/it_IT\/wp-json\/wp\/v2\/pages\/11365035\/revisions"}],"predecessor-version":[{"id":11367679,"href":"https:\/\/alertdiver.eu\/it_IT\/wp-json\/wp\/v2\/pages\/11365035\/revisions\/11367679"}],"wp:featuredmedia":[{"embeddable":true,"href":"https:\/\/alertdiver.eu\/it_IT\/wp-json\/wp\/v2\/media\/1541"}],"wp:attachment":[{"href":"https:\/\/alertdiver.eu\/it_IT\/wp-json\/wp\/v2\/media?parent=11365035"}],"curies":[{"name":"wp","href":"https:\/\/api.w.org\/{rel}","templated":true}]}}